{"id":1246,"date":"2023-08-14T12:30:25","date_gmt":"2023-08-14T10:30:25","guid":{"rendered":"http:\/\/revuepolaire.com\/?page_id=1246"},"modified":"2023-10-25T09:37:01","modified_gmt":"2023-10-25T07:37:01","slug":"contact","status":"publish","type":"page","link":"https:\/\/revuepolaire.com\/index.php\/contact\/","title":{"rendered":"Contact"},"content":{"rendered":"\n<p>Remplissez le formulaire ci-dessous si vous souhaitez nous contacter.<\/p>\n\n\n<style id=\"wpforms-css-vars-1274\">\n\t\t\t\t#wpforms-1274 {\n\t\t\t\t\n\t\t\t}\n\t\t\t<\/style><div class=\"wpforms-container wpforms-container-full wpforms-render-modern\" id=\"wpforms-1274\"><form id=\"wpforms-form-1274\" class=\"wpforms-validate wpforms-form wpforms-ajax-form\" data-formid=\"1274\" method=\"post\" enctype=\"multipart\/form-data\" action=\"\/index.php\/wp-json\/wp\/v2\/pages\/1246\" data-token=\"7b6b7975b859c7ead1c64767489df4bd\" data-token-time=\"1775363141\"><noscript class=\"wpforms-error-noscript\">Veuillez activer JavaScript dans votre navigateur pour remplir ce formulaire.<\/noscript><div id=\"wpforms-error-noscript\" style=\"display: none;\">Veuillez activer JavaScript dans votre navigateur pour remplir ce formulaire.<\/div><div class=\"wpforms-field-container\"><div id=\"wpforms-1274-field_0-container\" class=\"wpforms-field wpforms-field-name\" data-field-id=\"0\"><fieldset><legend class=\"wpforms-field-label\">Nom <span class=\"wpforms-required-label\" aria-hidden=\"true\">*<\/span><\/legend><div class=\"wpforms-field-row wpforms-field-medium\"><div class=\"wpforms-field-row-block wpforms-first wpforms-one-half\"><input type=\"text\" id=\"wpforms-1274-field_0\" class=\"wpforms-field-name-first wpforms-field-required\" name=\"wpforms[fields][0][first]\" aria-errormessage=\"wpforms-1274-field_0-error\" required><label for=\"wpforms-1274-field_0\" class=\"wpforms-field-sublabel after\">Pr\u00e9nom<\/label><\/div><div class=\"wpforms-field-row-block wpforms-one-half\"><input type=\"text\" id=\"wpforms-1274-field_0-last\" class=\"wpforms-field-name-last wpforms-field-required\" name=\"wpforms[fields][0][last]\" aria-errormessage=\"wpforms-1274-field_0-last-error\" required><label for=\"wpforms-1274-field_0-last\" class=\"wpforms-field-sublabel after\">Nom<\/label><\/div><\/div><\/fieldset><\/div><div id=\"wpforms-1274-field_1-container\" class=\"wpforms-field wpforms-field-email\" data-field-id=\"1\"><label class=\"wpforms-field-label\" for=\"wpforms-1274-field_1\">E-mail <span class=\"wpforms-required-label\" aria-hidden=\"true\">*<\/span><\/label><input type=\"email\" id=\"wpforms-1274-field_1\" class=\"wpforms-field-medium wpforms-field-required\" name=\"wpforms[fields][1]\" spellcheck=\"false\" aria-errormessage=\"wpforms-1274-field_1-error\" required><\/div><div id=\"wpforms-1274-field_2-container\" class=\"wpforms-field wpforms-field-textarea\" data-field-id=\"2\"><label class=\"wpforms-field-label\" for=\"wpforms-1274-field_2\">Commentaire ou message<\/label><textarea id=\"wpforms-1274-field_2\" class=\"wpforms-field-medium\" name=\"wpforms[fields][2]\" aria-errormessage=\"wpforms-1274-field_2-error\" ><\/textarea><\/div><\/div><!-- .wpforms-field-container --><div class=\"wpforms-submit-container\" ><input type=\"hidden\" name=\"wpforms[id]\" value=\"1274\"><input type=\"hidden\" name=\"page_title\" value=\"\"><input type=\"hidden\" name=\"page_url\" value=\"https:\/\/revuepolaire.com\/index.php\/wp-json\/wp\/v2\/pages\/1246\"><input type=\"hidden\" name=\"url_referer\" value=\"\"><button type=\"submit\" name=\"wpforms[submit]\" id=\"wpforms-submit-1274\" class=\"wpforms-submit\" data-alt-text=\"Envoi...\" data-submit-text=\"Envoyer\" aria-live=\"assertive\" value=\"wpforms-submit\">Envoyer<\/button><img decoding=\"async\" src=\"https:\/\/revuepolaire.com\/wp-content\/plugins\/wpforms-lite\/assets\/images\/submit-spin.svg\" class=\"wpforms-submit-spinner\" style=\"display: none;\" width=\"26\" height=\"26\" alt=\"Chargement en cours\"><\/div><\/form><\/div>  <!-- .wpforms-container -->\n\n\n","protected":false},"excerpt":{"rendered":"<p>Remplissez le formulaire ci-dessous si vous souhaitez nous contacter.<\/p>\n","protected":false},"author":1,"featured_media":0,"parent":0,"menu_order":0,"comment_status":"closed","ping_status":"closed","template":"","meta":{"_editorskit_title_hidden":false,"_editorskit_reading_time":0,"_editorskit_is_block_options_detached":false,"_editorskit_block_options_position":"{}","advgb_blocks_editor_width":"","advgb_blocks_columns_visual_guide":"","_monsterinsights_skip_tracking":false,"_monsterinsights_sitenote_active":false,"_monsterinsights_sitenote_note":"","_monsterinsights_sitenote_category":0,"_uf_show_specific_survey":0,"_uf_disable_surveys":false,"footnotes":""},"class_list":["post-1246","page","type-page","status-publish","hentry"],"yoast_head":"<!-- This site is optimized with the Yoast SEO plugin v27.3 - https:\/\/yoast.com\/product\/yoast-seo-wordpress\/ -->\n<title>Contact - Revue Polaire<\/title>\n<meta name=\"robots\" content=\"index, follow, max-snippet:-1, max-image-preview:large, max-video-preview:-1\" \/>\n<link rel=\"canonical\" href=\"http:\/\/revuepolaire.com\/index.php\/contact\/\" \/>\n<meta property=\"og:locale\" content=\"fr_FR\" \/>\n<meta property=\"og:type\" content=\"article\" \/>\n<meta property=\"og:title\" content=\"Contact - Revue Polaire\" \/>\n<meta property=\"og:description\" content=\"Remplissez le formulaire ci-dessous si vous souhaitez nous contacter.\" \/>\n<meta property=\"og:url\" content=\"http:\/\/revuepolaire.com\/index.php\/contact\/\" \/>\n<meta property=\"og:site_name\" content=\"Revue Polaire\" \/>\n<meta property=\"article:publisher\" content=\"https:\/\/www.facebook.com\/polaire.editions\/?locale=fr_FR\" \/>\n<meta property=\"article:modified_time\" content=\"2023-10-25T07:37:01+00:00\" \/>\n<meta name=\"twitter:card\" content=\"summary_large_image\" \/>\n<meta name=\"twitter:label1\" content=\"Dur\u00e9e de lecture estim\u00e9e\" \/>\n\t<meta name=\"twitter:data1\" content=\"1 minute\" \/>\n<script type=\"application\/ld+json\" class=\"yoast-schema-graph\">{\"@context\":\"https:\\\/\\\/schema.org\",\"@graph\":[{\"@type\":\"WebPage\",\"@id\":\"http:\\\/\\\/revuepolaire.com\\\/index.php\\\/contact\\\/\",\"url\":\"http:\\\/\\\/revuepolaire.com\\\/index.php\\\/contact\\\/\",\"name\":\"Contact - Revue Polaire\",\"isPartOf\":{\"@id\":\"http:\\\/\\\/revuepolaire.com\\\/#website\"},\"datePublished\":\"2023-08-14T10:30:25+00:00\",\"dateModified\":\"2023-10-25T07:37:01+00:00\",\"breadcrumb\":{\"@id\":\"http:\\\/\\\/revuepolaire.com\\\/index.php\\\/contact\\\/#breadcrumb\"},\"inLanguage\":\"fr-FR\",\"potentialAction\":[{\"@type\":\"ReadAction\",\"target\":[\"http:\\\/\\\/revuepolaire.com\\\/index.php\\\/contact\\\/\"]}]},{\"@type\":\"BreadcrumbList\",\"@id\":\"http:\\\/\\\/revuepolaire.com\\\/index.php\\\/contact\\\/#breadcrumb\",\"itemListElement\":[{\"@type\":\"ListItem\",\"position\":1,\"name\":\"Accueil\",\"item\":\"http:\\\/\\\/revuepolaire.com\\\/\"},{\"@type\":\"ListItem\",\"position\":2,\"name\":\"Contact\"}]},{\"@type\":\"WebSite\",\"@id\":\"http:\\\/\\\/revuepolaire.com\\\/#website\",\"url\":\"http:\\\/\\\/revuepolaire.com\\\/\",\"name\":\"Revue Polaire\",\"description\":\"Pour retrouver magn\u00e9tiquement, au-del\u00e0, en-de\u00e7\u00e0 des frilosit\u00e9s postmodernes, l&#039;esprit des p\u00f4les, le grand Air\u2026\",\"publisher\":{\"@id\":\"http:\\\/\\\/revuepolaire.com\\\/#organization\"},\"potentialAction\":[{\"@type\":\"SearchAction\",\"target\":{\"@type\":\"EntryPoint\",\"urlTemplate\":\"http:\\\/\\\/revuepolaire.com\\\/?s={search_term_string}\"},\"query-input\":{\"@type\":\"PropertyValueSpecification\",\"valueRequired\":true,\"valueName\":\"search_term_string\"}}],\"inLanguage\":\"fr-FR\"},{\"@type\":\"Organization\",\"@id\":\"http:\\\/\\\/revuepolaire.com\\\/#organization\",\"name\":\"Revue Polaire\",\"url\":\"http:\\\/\\\/revuepolaire.com\\\/\",\"logo\":{\"@type\":\"ImageObject\",\"inLanguage\":\"fr-FR\",\"@id\":\"http:\\\/\\\/revuepolaire.com\\\/#\\\/schema\\\/logo\\\/image\\\/\",\"url\":\"https:\\\/\\\/revuepolaire.com\\\/wp-content\\\/uploads\\\/2023\\\/10\\\/cropped-cropped-cropped-b-vert-deau-1-2.png\",\"contentUrl\":\"https:\\\/\\\/revuepolaire.com\\\/wp-content\\\/uploads\\\/2023\\\/10\\\/cropped-cropped-cropped-b-vert-deau-1-2.png\",\"width\":246,\"height\":246,\"caption\":\"Revue Polaire\"},\"image\":{\"@id\":\"http:\\\/\\\/revuepolaire.com\\\/#\\\/schema\\\/logo\\\/image\\\/\"},\"sameAs\":[\"https:\\\/\\\/www.facebook.com\\\/polaire.editions\\\/?locale=fr_FR\"]}]}<\/script>\n<!-- \/ Yoast SEO plugin. -->","yoast_head_json":{"title":"Contact - Revue Polaire","robots":{"index":"index","follow":"follow","max-snippet":"max-snippet:-1","max-image-preview":"max-image-preview:large","max-video-preview":"max-video-preview:-1"},"canonical":"http:\/\/revuepolaire.com\/index.php\/contact\/","og_locale":"fr_FR","og_type":"article","og_title":"Contact - Revue Polaire","og_description":"Remplissez le formulaire ci-dessous si vous souhaitez nous contacter.","og_url":"http:\/\/revuepolaire.com\/index.php\/contact\/","og_site_name":"Revue Polaire","article_publisher":"https:\/\/www.facebook.com\/polaire.editions\/?locale=fr_FR","article_modified_time":"2023-10-25T07:37:01+00:00","twitter_card":"summary_large_image","twitter_misc":{"Dur\u00e9e de lecture estim\u00e9e":"1 minute"},"schema":{"@context":"https:\/\/schema.org","@graph":[{"@type":"WebPage","@id":"http:\/\/revuepolaire.com\/index.php\/contact\/","url":"http:\/\/revuepolaire.com\/index.php\/contact\/","name":"Contact - Revue Polaire","isPartOf":{"@id":"http:\/\/revuepolaire.com\/#website"},"datePublished":"2023-08-14T10:30:25+00:00","dateModified":"2023-10-25T07:37:01+00:00","breadcrumb":{"@id":"http:\/\/revuepolaire.com\/index.php\/contact\/#breadcrumb"},"inLanguage":"fr-FR","potentialAction":[{"@type":"ReadAction","target":["http:\/\/revuepolaire.com\/index.php\/contact\/"]}]},{"@type":"BreadcrumbList","@id":"http:\/\/revuepolaire.com\/index.php\/contact\/#breadcrumb","itemListElement":[{"@type":"ListItem","position":1,"name":"Accueil","item":"http:\/\/revuepolaire.com\/"},{"@type":"ListItem","position":2,"name":"Contact"}]},{"@type":"WebSite","@id":"http:\/\/revuepolaire.com\/#website","url":"http:\/\/revuepolaire.com\/","name":"Revue Polaire","description":"Pour retrouver magn\u00e9tiquement, au-del\u00e0, en-de\u00e7\u00e0 des frilosit\u00e9s postmodernes, l&#039;esprit des p\u00f4les, le grand Air\u2026","publisher":{"@id":"http:\/\/revuepolaire.com\/#organization"},"potentialAction":[{"@type":"SearchAction","target":{"@type":"EntryPoint","urlTemplate":"http:\/\/revuepolaire.com\/?s={search_term_string}"},"query-input":{"@type":"PropertyValueSpecification","valueRequired":true,"valueName":"search_term_string"}}],"inLanguage":"fr-FR"},{"@type":"Organization","@id":"http:\/\/revuepolaire.com\/#organization","name":"Revue Polaire","url":"http:\/\/revuepolaire.com\/","logo":{"@type":"ImageObject","inLanguage":"fr-FR","@id":"http:\/\/revuepolaire.com\/#\/schema\/logo\/image\/","url":"https:\/\/revuepolaire.com\/wp-content\/uploads\/2023\/10\/cropped-cropped-cropped-b-vert-deau-1-2.png","contentUrl":"https:\/\/revuepolaire.com\/wp-content\/uploads\/2023\/10\/cropped-cropped-cropped-b-vert-deau-1-2.png","width":246,"height":246,"caption":"Revue Polaire"},"image":{"@id":"http:\/\/revuepolaire.com\/#\/schema\/logo\/image\/"},"sameAs":["https:\/\/www.facebook.com\/polaire.editions\/?locale=fr_FR"]}]}},"coauthors":[],"author_meta":{"author_link":"https:\/\/revuepolaire.com\/index.php\/author\/admin3723\/","display_name":"Jean-Louis Clo\u00ebt"},"relative_dates":{"created":"Publi\u00e9 3 ans il y a","modified":"Mis \u00e0 jour 2 ans il y a"},"absolute_dates":{"created":"Publi\u00e9 le 14 ao\u00fbt 2023","modified":"Mise \u00e0 jour le 25 octobre 2023"},"absolute_dates_time":{"created":"Publi\u00e9 le 14 ao\u00fbt 2023 12h30","modified":"Mise \u00e0 jour le 25 octobre 2023 9h37"},"featured_img_caption":"","featured_img":false,"series_order":"","_links":{"self":[{"href":"https:\/\/revuepolaire.com\/index.php\/wp-json\/wp\/v2\/pages\/1246","targetHints":{"allow":["GET"]}}],"collection":[{"href":"https:\/\/revuepolaire.com\/index.php\/wp-json\/wp\/v2\/pages"}],"about":[{"href":"https:\/\/revuepolaire.com\/index.php\/wp-json\/wp\/v2\/types\/page"}],"author":[{"embeddable":true,"href":"https:\/\/revuepolaire.com\/index.php\/wp-json\/wp\/v2\/users\/1"}],"replies":[{"embeddable":true,"href":"https:\/\/revuepolaire.com\/index.php\/wp-json\/wp\/v2\/comments?post=1246"}],"version-history":[{"count":7,"href":"https:\/\/revuepolaire.com\/index.php\/wp-json\/wp\/v2\/pages\/1246\/revisions"}],"predecessor-version":[{"id":1888,"href":"https:\/\/revuepolaire.com\/index.php\/wp-json\/wp\/v2\/pages\/1246\/revisions\/1888"}],"wp:attachment":[{"href":"https:\/\/revuepolaire.com\/index.php\/wp-json\/wp\/v2\/media?parent=1246"}],"curies":[{"name":"wp","href":"https:\/\/api.w.org\/{rel}","templated":true}]}}